{"id":4864,"date":"2025-03-17T12:06:33","date_gmt":"2025-03-17T12:06:33","guid":{"rendered":"https:\/\/digikom.mk\/\u043f\u0440\u043e\u0438\u0437\u0432\u043e\u0434\u043e\u0442\/deepcool-cpu-cooler-all-intel-amd-ag-620-argb\/"},"modified":"2025-03-17T13:29:14","modified_gmt":"2025-03-17T13:29:14","slug":"deepcool-cpu-cooler-all-intel-amd-ag-620-argb","status":"publish","type":"product","link":"https:\/\/digikom.mk\/en\/product\/deepcool-cpu-cooler-all-intel-amd-ag-620-argb\/","title":{"rendered":"DEEPCOOL CPU COOLER ALL INTEL-AMD AG 620 ARGB"},"content":{"rendered":"<p>Application For<br \/>\nIntel LGA2066\/2011-v3\/2011\/1851\/1700\/1200\/1151\/1150\/1155<br \/>\nAMD AM5\/AM4<br \/>\nProduct Dimensions: 129\u00d7136\u00d7157 mm<br \/>\nHeatsink Dimensions: 127\u00d7110\u00d7157 mm<br \/>\nNet Weight: 1300 g<br \/>\nHeatpipe: \u00d86 mm\u00d76 pcs<br \/>\nFan Dimensions: 120\u00d7120\u00d725 mm<br \/>\nFan Speed: 300~1850 RPM\u00b110%<br \/>\nFan Airflow: 67.88 CFM<br \/>\nFan Air Pressure: 2.04 mmAq<br \/>\nFan Noise: \u226429.4 dB(A)<br \/>\nFan Connector: 4-pin PWM<br \/>\nBearing Type: Hydro Bearing<br \/>\nFan Rated Voltage: 12 VDC<br \/>\nFan Rated Current: 0.14 A<br \/>\nFan Power Consumption: 1.68 W<br \/>\nLED Type: Addressable RGB LED<br \/>\nLED Connector: 3-pin(+5V-D-G)<br \/>\nLED Rated Voltage: 5 VDC<br \/>\nLED Power Consumption: 1.05 W<\/p>\n<p>\u0413\u0430\u0440\u0430\u043d\u0446\u0438\u0458\u0430: 12 \u043c\u0435\u0441\u0435\u0446\u0438<\/p>","protected":false},"excerpt":{"rendered":"<p>Application For Intel LGA2066\/2011-v3\/2011\/1851\/1700\/1200\/1151\/1150\/1155 AMD AM5\/AM4 Product Dimensions: 129\u00d7136\u00d7157 mm Heatsink Dimensions: 127\u00d7110\u00d7157 mm Net Weight: 1300 g Heatpipe: \u00d86 mm\u00d76 pcs Fan Dimensions: 120\u00d7120\u00d725 mm Fan Speed: 300~1850 RPM\u00b110% Fan Airflow: 67.88 CFM Fan Air Pressure: 2.04 mmAq Fan Noise: \u226429.4 dB(A) Fan Connector: 4-pin PWM Bearing Type: Hydro Bearing Fan Rated Voltage: 12 VDC Fan Rated Current: 0.14 A Fan Power Consumption: 1.68 W LED Type: Addressable RGB LED LED Connector: 3-pin(+5V-D-G) LED Rated Voltage: 5 VDC LED Power Consumption: 1.05 W \u0413\u0430\u0440\u0430\u043d\u0446\u0438\u0458\u0430: 12 \u043c\u0435\u0441\u0435\u0446\u0438<\/p>","protected":false},"featured_media":4941,"template":"","meta":[],"product_brand":[189],"product_cat":[179],"product_tag":[182],"class_list":{"0":"post-4864","1":"product","2":"type-product","3":"status-publish","4":"has-post-thumbnail","6":"product_brand-deepcool","7":"product_cat-179","8":"product_tag-intel-amd","10":"first","11":"instock","12":"shipping-taxable","13":"purchasable","14":"product-type-simple"},"_links":{"self":[{"href":"https:\/\/digikom.mk\/en\/wp-json\/wp\/v2\/product\/4864","targetHints":{"allow":["GET"]}}],"collection":[{"href":"https:\/\/digikom.mk\/en\/wp-json\/wp\/v2\/product"}],"about":[{"href":"https:\/\/digikom.mk\/en\/wp-json\/wp\/v2\/types\/product"}],"wp:featuredmedia":[{"embeddable":true,"href":"https:\/\/digikom.mk\/en\/wp-json\/wp\/v2\/media\/4941"}],"wp:attachment":[{"href":"https:\/\/digikom.mk\/en\/wp-json\/wp\/v2\/media?parent=4864"}],"wp:term":[{"taxonomy":"product_brand","embeddable":true,"href":"https:\/\/digikom.mk\/en\/wp-json\/wp\/v2\/product_brand?post=4864"},{"taxonomy":"product_cat","embeddable":true,"href":"https:\/\/digikom.mk\/en\/wp-json\/wp\/v2\/product_cat?post=4864"},{"taxonomy":"product_tag","embeddable":true,"href":"https:\/\/digikom.mk\/en\/wp-json\/wp\/v2\/product_tag?post=4864"}],"curies":[{"name":"wp","href":"https:\/\/api.w.org\/{rel}","templated":true}]}}