{"id":4862,"date":"2025-03-17T12:06:32","date_gmt":"2025-03-17T12:06:32","guid":{"rendered":"https:\/\/digikom.mk\/\u043f\u0440\u043e\u0438\u0437\u0432\u043e\u0434\u043e\u0442\/deepcool-cpu-cooler-all-intel-amd-ak-400-digital\/"},"modified":"2025-03-17T13:28:37","modified_gmt":"2025-03-17T13:28:37","slug":"deepcool-cpu-cooler-all-intel-amd-ak-400-digital","status":"publish","type":"product","link":"https:\/\/digikom.mk\/sq\/product\/deepcool-cpu-cooler-all-intel-amd-ak-400-digital\/","title":{"rendered":"DEEPCOOL CPU COOLER ALL INTEL-AMD AK 400 DIGITAL"},"content":{"rendered":"<p>Application For<br \/>\nIntel LGA1851\/1700\/1200\/1151\/1150\/1155<br \/>\nAMD AM5\/AM4<br \/>\nProduct Dimensions: 126\u00d797\u00d7156 mm(L\u00d7W\u00d7H)<br \/>\nHeatsink Dimensions: 120\u00d760\u00d7152 mm(L\u00d7W\u00d7H)<br \/>\nNet Weight: 695 g<br \/>\nHeatpipe: \u00d86 mm\u00d74 pcs<br \/>\nFan Dimensions: 120\u00d7120\u00d725 mm(L\u00d7W\u00d7H)<br \/>\nFan Speed: 500~1850 RPM\u00b110%<br \/>\nFan Airflow: 68.99 CFM<br \/>\nFan Air Pressure: 2.19 mmAq<br \/>\nFan Noise: \u226428 dB(A)<br \/>\nFan Connector: 4-pin PWM<br \/>\nBearing Type: Fluid Dynamic Bearing<br \/>\nFan Rated Voltage: 12 VDC<br \/>\nFan Rated Current: 0.12 A<br \/>\nFan Power Consumption: 1.44 W<br \/>\nLED Type: Addressable RGB LED<br \/>\nLED Connector: 3-pin(+5V-D-G) and 9-pin USB 2.0<br \/>\nLED Rated Voltage: 5 VDC<br \/>\nLED Power Consumption: 3 W<\/p>\n<p>\u0413\u0430\u0440\u0430\u043d\u0446\u0438\u0458\u0430: 12 \u043c\u0435\u0441\u0435\u0446\u0438<\/p>","protected":false},"excerpt":{"rendered":"<p>Application For Intel LGA1851\/1700\/1200\/1151\/1150\/1155 AMD AM5\/AM4 Product Dimensions: 126\u00d797\u00d7156 mm(L\u00d7W\u00d7H) Heatsink Dimensions: 120\u00d760\u00d7152 mm(L\u00d7W\u00d7H) Net Weight: 695 g Heatpipe: \u00d86 mm\u00d74 pcs Fan Dimensions: 120\u00d7120\u00d725 mm(L\u00d7W\u00d7H) Fan Speed: 500~1850 RPM\u00b110% Fan Airflow: 68.99 CFM Fan Air Pressure: 2.19 mmAq Fan Noise: \u226428 dB(A) Fan Connector: 4-pin PWM Bearing Type: Fluid Dynamic Bearing Fan Rated Voltage: 12 VDC Fan Rated Current: 0.12 A Fan Power Consumption: 1.44 W LED Type: Addressable RGB LED LED Connector: 3-pin(+5V-D-G) and 9-pin USB 2.0 LED Rated Voltage: 5 VDC LED Power Consumption: 3 W \u0413\u0430\u0440\u0430\u043d\u0446\u0438\u0458\u0430: 12 \u043c\u0435\u0441\u0435\u0446\u0438<\/p>","protected":false},"featured_media":4937,"template":"","meta":[],"product_brand":[189],"product_cat":[179],"product_tag":[182],"class_list":{"0":"post-4862","1":"product","2":"type-product","3":"status-publish","4":"has-post-thumbnail","6":"product_brand-deepcool","7":"product_cat-179","8":"product_tag-intel-amd","10":"first","11":"instock","12":"shipping-taxable","13":"purchasable","14":"product-type-simple"},"_links":{"self":[{"href":"https:\/\/digikom.mk\/sq\/wp-json\/wp\/v2\/product\/4862","targetHints":{"allow":["GET"]}}],"collection":[{"href":"https:\/\/digikom.mk\/sq\/wp-json\/wp\/v2\/product"}],"about":[{"href":"https:\/\/digikom.mk\/sq\/wp-json\/wp\/v2\/types\/product"}],"wp:featuredmedia":[{"embeddable":true,"href":"https:\/\/digikom.mk\/sq\/wp-json\/wp\/v2\/media\/4937"}],"wp:attachment":[{"href":"https:\/\/digikom.mk\/sq\/wp-json\/wp\/v2\/media?parent=4862"}],"wp:term":[{"taxonomy":"product_brand","embeddable":true,"href":"https:\/\/digikom.mk\/sq\/wp-json\/wp\/v2\/product_brand?post=4862"},{"taxonomy":"product_cat","embeddable":true,"href":"https:\/\/digikom.mk\/sq\/wp-json\/wp\/v2\/product_cat?post=4862"},{"taxonomy":"product_tag","embeddable":true,"href":"https:\/\/digikom.mk\/sq\/wp-json\/wp\/v2\/product_tag?post=4862"}],"curies":[{"name":"wp","href":"https:\/\/api.w.org\/{rel}","templated":true}]}}