{"id":4866,"date":"2025-03-17T12:06:34","date_gmt":"2025-03-17T12:06:34","guid":{"rendered":"https:\/\/digikom.mk\/\u043f\u0440\u043e\u0438\u0437\u0432\u043e\u0434\u043e\u0442\/deepcool-cpu-liquid-cooler-all-intel-amd-lt360-argb\/"},"modified":"2025-03-17T13:30:58","modified_gmt":"2025-03-17T13:30:58","slug":"deepcool-cpu-liquid-cooler-all-intel-amd-lt360-argb","status":"publish","type":"product","link":"https:\/\/digikom.mk\/sq\/product\/deepcool-cpu-liquid-cooler-all-intel-amd-lt360-argb\/","title":{"rendered":"DEEPCOOL CPU LIQUID COOLER ALL INTEL-AMD LT360 ARGB"},"content":{"rendered":"<p>The LT360 ARGB is a high-performance liquid CPU cooler that has been upgraded to DeepCool&#8217;s chart-topping 5th generation pump and provides strong heat dissipation power with a 360mm radiator, three precision-tuned FD12 ARGB fans, and a multidimensional infinity mirror top cap, all presented in a clean design.<br \/>\nApplication For<br \/>\nIntel: LGA1851\/1700\/1200\/1151\/1150\/1155<br \/>\nAMD: AM5\/AM4<br \/>\nRadiator Dimensions: 402\u00d7120\u00d727 mm(L\u00d7W\u00d7H)<br \/>\nRadiator Material: Aluminum<br \/>\nTube length: 410 mm<br \/>\nPump Dimensions: 94\u00d780\u00d768 mm(L\u00d7W\u00d7H)<br \/>\nPump Speed: 3400 RPM\u00b110%<br \/>\nPump Connector: 3-pin<br \/>\nPump Rated Voltage: 12 VDC<br \/>\nPump Rated Current: 0.35 A<br \/>\nPump Power Consumption: 4.2 W<br \/>\nFan Dimensions: 120\u00d7120\u00d725 mm(L\u00d7W\u00d7H)<br \/>\nFan Speed: 600~2400 RPM\u00b110%<br \/>\nFan Airflow: 72.04 CFM<br \/>\nFan Air Pressure: 3.48 mmAq<br \/>\nFan Noise: \u226438.71 dB(A)<br \/>\nFan Connector: 4-pin PWM<br \/>\nBearing Type: Hydro Bearing<\/p>\n<p>\u0413\u0430\u0440\u0430\u043d\u0446\u0438\u0458\u0430: 12 \u043c\u0435\u0441\u0435\u0446\u0438<\/p>","protected":false},"excerpt":{"rendered":"<p>The LT360 ARGB is a high-performance liquid CPU cooler that has been upgraded to DeepCool&#8217;s chart-topping 5th generation pump and provides strong heat dissipation power with a 360mm radiator, three precision-tuned FD12 ARGB fans, and a multidimensional infinity mirror top cap, all presented in a clean design. Application For Intel: LGA1851\/1700\/1200\/1151\/1150\/1155 AMD: AM5\/AM4 Radiator Dimensions: 402\u00d7120\u00d727 mm(L\u00d7W\u00d7H) Radiator Material: Aluminum Tube length: 410 mm Pump Dimensions: 94\u00d780\u00d768 mm(L\u00d7W\u00d7H) Pump Speed: 3400 RPM\u00b110% Pump Connector: 3-pin Pump Rated Voltage: 12 VDC Pump Rated Current: 0.35 A Pump Power Consumption: 4.2 W Fan Dimensions: 120\u00d7120\u00d725 mm(L\u00d7W\u00d7H) Fan Speed: 600~2400 RPM\u00b110% Fan Airflow: 72.04 CFM Fan Air Pressure: 3.48 mmAq Fan Noise: \u226438.71 dB(A) Fan Connector: 4-pin PWM Bearing Type: Hydro Bearing \u0413\u0430\u0440\u0430\u043d\u0446\u0438\u0458\u0430: 12 \u043c\u0435\u0441\u0435\u0446\u0438<\/p>","protected":false},"featured_media":4947,"template":"","meta":[],"product_brand":[188],"product_cat":[183],"product_tag":[182],"class_list":{"0":"post-4866","1":"product","2":"type-product","3":"status-publish","4":"has-post-thumbnail","6":"product_brand-sharkoon","7":"product_cat-183","8":"product_tag-intel-amd","10":"first","11":"instock","12":"shipping-taxable","13":"purchasable","14":"product-type-simple"},"_links":{"self":[{"href":"https:\/\/digikom.mk\/sq\/wp-json\/wp\/v2\/product\/4866","targetHints":{"allow":["GET"]}}],"collection":[{"href":"https:\/\/digikom.mk\/sq\/wp-json\/wp\/v2\/product"}],"about":[{"href":"https:\/\/digikom.mk\/sq\/wp-json\/wp\/v2\/types\/product"}],"wp:featuredmedia":[{"embeddable":true,"href":"https:\/\/digikom.mk\/sq\/wp-json\/wp\/v2\/media\/4947"}],"wp:attachment":[{"href":"https:\/\/digikom.mk\/sq\/wp-json\/wp\/v2\/media?parent=4866"}],"wp:term":[{"taxonomy":"product_brand","embeddable":true,"href":"https:\/\/digikom.mk\/sq\/wp-json\/wp\/v2\/product_brand?post=4866"},{"taxonomy":"product_cat","embeddable":true,"href":"https:\/\/digikom.mk\/sq\/wp-json\/wp\/v2\/product_cat?post=4866"},{"taxonomy":"product_tag","embeddable":true,"href":"https:\/\/digikom.mk\/sq\/wp-json\/wp\/v2\/product_tag?post=4866"}],"curies":[{"name":"wp","href":"https:\/\/api.w.org\/{rel}","templated":true}]}}